{"id":4732,"date":"2024-05-21T21:38:36","date_gmt":"2024-05-21T21:38:36","guid":{"rendered":"https:\/\/kulturmind.com\/?page_id=4732"},"modified":"2025-10-31T18:54:19","modified_gmt":"2025-10-31T18:54:19","slug":"mq-one-to-one","status":"publish","type":"page","link":"https:\/\/kulturmind.com\/en\/mq-one-to-one\/","title":{"rendered":"MQ One to One"},"content":{"rendered":"<div data-elementor-type=\"wp-page\" data-elementor-id=\"4732\" class=\"elementor elementor-4732\">\n\t\t\t\t\t\t<section class=\"elementor-section elementor-top-section elementor-element elementor-element-0cb5d12 elementor-section-content-middle elementor-section-boxed elementor-section-height-default elementor-section-height-default\" data-id=\"0cb5d12\" data-element_type=\"section\">\n\t\t\t\t\t\t<div class=\"elementor-container elementor-column-gap-default\">\n\t\t\t\t\t<div class=\"elementor-column elementor-col-100 elementor-top-column elementor-element elementor-element-1d0b0c1\" data-id=\"1d0b0c1\" data-element_type=\"column\">\n\t\t\t<div class=\"elementor-widget-wrap elementor-element-populated\">\n\t\t\t\t\t\t<div class=\"elementor-element elementor-element-c2d873c elementor-widget elementor-widget-image\" data-id=\"c2d873c\" data-element_type=\"widget\" data-widget_type=\"image.default\">\n\t\t\t\t<div class=\"elementor-widget-container\">\n\t\t\t\t\t\t\t\t\t\t\t\t\t\t\t<img fetchpriority=\"high\" decoding=\"async\" width=\"2000\" height=\"2000\" src=\"https:\/\/kulturmind.com\/wp-content\/uploads\/2024\/05\/5.png\" class=\"attachment-full size-full wp-image-4710\" alt=\"\" \/>\t\t\t\t\t\t\t\t\t\t\t\t\t\t\t<\/div>\n\t\t\t\t<\/div>\n\t\t\t\t<div class=\"elementor-element elementor-element-3ffee0ab elementor-widget__width-initial elementor-widget elementor-widget-text-editor\" data-id=\"3ffee0ab\" data-element_type=\"widget\" data-widget_type=\"text-editor.default\">\n\t\t\t\t<div class=\"elementor-widget-container\">\n\t\t\t\t\t\t\t\t\t<p>Kulturmind offers you the program &quot; <strong>MQ One to One<\/strong> &quot;, a unique opportunity for personal and professional transformation. This personalized program uses the &quot; <strong>HERE<\/strong> \u00bb (<strong>Interior, Image and Coherence<\/strong>) to deepen your skills in <strong>self-marketing<\/strong>. It aims to elevate you to a <strong>MQ score of 90<\/strong>, making you a confirmed marketer and boosting your <strong>trust<\/strong> to successfully complete your MQ transformation. By participating, you will receive a \u201c\u00a0<strong>transformation passport<\/strong>&quot;, a tool that validates and supports your progress towards excellence in personal marketing. Join us to maximize your potential and achieve lasting impact in all aspects of your life.<\/p><p><strong>\ud83d\udc49 Acceptance into the program is based solely on application review by the consultant KulturMind.<\/strong><\/p>\t\t\t\t\t\t\t\t<\/div>\n\t\t\t\t<\/div>\n\t\t\t\t<div class=\"elementor-element elementor-element-9934029 elementor-widget__width-initial elementor-widget elementor-widget-elementskit-heading\" data-id=\"9934029\" data-element_type=\"widget\" data-widget_type=\"elementskit-heading.default\">\n\t\t\t\t<div class=\"elementor-widget-container\">\n\t\t\t\t\t<div class=\"ekit-wid-con\" ><div class=\"ekit-heading elementskit-section-title-wraper text_center   ekit_heading_tablet-   ekit_heading_mobile-\"><h2 class=\"ekit-heading--title elementskit-section-title\">Content and flow<\/h2><\/div><\/div>\t\t\t\t<\/div>\n\t\t\t\t<\/div>\n\t\t\t\t<div class=\"elementor-element elementor-element-272cc27 elementor-widget elementor-widget-video\" data-id=\"272cc27\" data-element_type=\"widget\" data-settings=\"{&quot;youtube_url&quot;:&quot;https:\\\/\\\/youtu.be\\\/oe7FQG4GAcQ&quot;,&quot;video_type&quot;:&quot;youtube&quot;,&quot;controls&quot;:&quot;yes&quot;}\" data-widget_type=\"video.default\">\n\t\t\t\t<div class=\"elementor-widget-container\">\n\t\t\t\t\t\t\t<div class=\"elementor-wrapper elementor-open-inline\">\n\t\t\t<div class=\"elementor-video\"><\/div>\t\t<\/div>\n\t\t\t\t\t\t<\/div>\n\t\t\t\t<\/div>\n\t\t\t\t\t<\/div>\n\t\t<\/div>\n\t\t\t\t\t<\/div>\n\t\t<\/section>\n\t\t\t\t<section class=\"elementor-section elementor-top-section elementor-element elementor-element-3d62297 elementor-section-boxed elementor-section-height-default elementor-section-height-default\" data-id=\"3d62297\" data-element_type=\"section\">\n\t\t\t\t\t\t<div class=\"elementor-container elementor-column-gap-default\">\n\t\t\t\t\t<div class=\"elementor-column elementor-col-100 elementor-top-column elementor-element elementor-element-b450051\" data-id=\"b450051\" data-element_type=\"column\">\n\t\t\t<div class=\"elementor-widget-wrap elementor-element-populated\">\n\t\t\t\t\t\t<div class=\"elementor-element elementor-element-7dfb8b7b elementor-widget__width-initial elementor-widget elementor-widget-elementskit-heading\" data-id=\"7dfb8b7b\" data-element_type=\"widget\" data-widget_type=\"elementskit-heading.default\">\n\t\t\t\t<div class=\"elementor-widget-container\">\n\t\t\t\t\t<div class=\"ekit-wid-con\" ><div class=\"ekit-heading elementskit-section-title-wraper text_center   ekit_heading_tablet-   ekit_heading_mobile-\"><h2 class=\"ekit-heading--title elementskit-section-title\">Planning<\/h2><\/div><\/div>\t\t\t\t<\/div>\n\t\t\t\t<\/div>\n\t\t\t\t<div class=\"elementor-element elementor-element-f031a01 elementor-widget elementor-widget-image\" data-id=\"f031a01\" data-element_type=\"widget\" data-widget_type=\"image.default\">\n\t\t\t\t<div class=\"elementor-widget-container\">\n\t\t\t\t\t\t\t\t\t\t\t\t\t\t\t<img decoding=\"async\" width=\"1920\" height=\"1080\" src=\"https:\/\/kulturmind.com\/wp-content\/uploads\/2025\/10\/Key-MP-2.jpg\" class=\"attachment-full size-full wp-image-5364\" alt=\"\" srcset=\"https:\/\/kulturmind.com\/wp-content\/uploads\/2025\/10\/Key-MP-2.jpg 1920w, https:\/\/kulturmind.com\/wp-content\/uploads\/2025\/10\/Key-MP-2-300x169.jpg 300w, https:\/\/kulturmind.com\/wp-content\/uploads\/2025\/10\/Key-MP-2-1024x576.jpg 1024w, https:\/\/kulturmind.com\/wp-content\/uploads\/2025\/10\/Key-MP-2-768x432.jpg 768w, https:\/\/kulturmind.com\/wp-content\/uploads\/2025\/10\/Key-MP-2-1536x864.jpg 1536w, https:\/\/kulturmind.com\/wp-content\/uploads\/2025\/10\/Key-MP-2-18x10.jpg 18w, https:\/\/kulturmind.com\/wp-content\/uploads\/2025\/10\/Key-MP-2-1200x675.jpg 1200w, https:\/\/kulturmind.com\/wp-content\/uploads\/2025\/10\/Key-MP-2-600x338.jpg 600w\" sizes=\"(max-width: 1920px) 100vw, 1920px\" \/>\t\t\t\t\t\t\t\t\t\t\t\t\t\t\t<\/div>\n\t\t\t\t<\/div>\n\t\t\t\t\t<\/div>\n\t\t<\/div>\n\t\t\t\t\t<\/div>\n\t\t<\/section>\n\t\t\t\t<section class=\"elementor-section elementor-top-section elementor-element elementor-element-359e1bb5 elementor-section-boxed elementor-section-height-default elementor-section-height-default\" data-id=\"359e1bb5\" data-element_type=\"section\" id=\"form\">\n\t\t\t\t\t\t<div class=\"elementor-container elementor-column-gap-default\">\n\t\t\t\t\t<div class=\"elementor-column elementor-col-100 elementor-top-column elementor-element elementor-element-dc94fd5\" data-id=\"dc94fd5\" data-element_type=\"column\">\n\t\t\t<div class=\"elementor-widget-wrap elementor-element-populated\">\n\t\t\t\t\t\t<div class=\"elementor-element elementor-element-01c3568 elementor-widget__width-initial elementor-widget elementor-widget-elementskit-heading\" data-id=\"01c3568\" data-element_type=\"widget\" data-widget_type=\"elementskit-heading.default\">\n\t\t\t\t<div class=\"elementor-widget-container\">\n\t\t\t\t\t<div class=\"ekit-wid-con\" ><div class=\"ekit-heading elementskit-section-title-wraper text_center   ekit_heading_tablet-   ekit_heading_mobile-\"><h2 class=\"ekit-heading--title elementskit-section-title\">I register for MQ One to One<\/h2><p class=\"ekit-heading--subtitle elementskit-section-subtitle\">\n\t\t\t\t\t\tI am learning the art of self-marketing\n\t\t\t\t\t<\/p><\/div><\/div>\t\t\t\t<\/div>\n\t\t\t\t<\/div>\n\t\t\t\t<div class=\"elementor-element elementor-element-a8a5524 elementor-widget elementor-widget-shortcode\" data-id=\"a8a5524\" data-element_type=\"widget\" data-widget_type=\"shortcode.default\">\n\t\t\t\t<div class=\"elementor-widget-container\">\n\t\t\t\t\t\t\t<div class=\"elementor-shortcode\"><noscript class=\"ninja-forms-noscript-message\">\n\tNotice: JavaScript is required for this content.<\/noscript>\n<div id=\"nf-form-13-cont\" class=\"nf-form-cont\" aria-live=\"polite\" aria-labelledby=\"nf-form-title-13\" aria-describedby=\"nf-form-errors-13\" role=\"form\">\n\n    <div class=\"nf-loading-spinner\"><\/div>\n\n<\/div>\n        <!-- That data is being printed as a workaround to page builders reordering the order of the scripts loaded-->\n        <script>var formDisplay=1;var nfForms=nfForms||[];var form=[];form.id='13';form.settings={\"objectType\":\"Form Setting\",\"editActive\":true,\"title\":\"MQ One to One\",\"created_at\":\"2024-05-21 22:01:48\",\"form_title\":\"Event Registration\",\"default_label_pos\":\"above\",\"show_title\":\"0\",\"clear_complete\":\"1\",\"hide_complete\":\"1\",\"logged_in\":\"0\",\"key\":\"\",\"wrapper_class\":\"\",\"element_class\":\"\",\"add_submit\":\"0\",\"not_logged_in_msg\":\"\",\"sub_limit_number\":\"\",\"sub_limit_msg\":\"\",\"calculations\":[],\"formContentData\":[\"nom_complet_1705616474308\",\"votre_gsm_1715283309868\",\"votre_fonction_1715589169777\",\"adresse_email_1705597135154\",\"le_niveau_souhaite_1715284513134\",\"html_1730820808790\",\"je_m_inscris_au_voyage_mq_1715283347648\"],\"currency\":\"\",\"unique_field_error\":\"A form with this value has already been submitted.\",\"form_title_heading_level\":\"3\",\"changeEmailErrorMsg\":\"Please enter a valid email address!\",\"changeDateErrorMsg\":\"Please enter a valid date!\",\"confirmFieldErrorMsg\":\"These fields must match!\",\"fieldNumberNumMinError\":\"Number Min Error\",\"fieldNumberNumMaxError\":\"Number Max Error\",\"fieldNumberIncrementBy\":\"Please increment by \",\"formErrorsCorrectErrors\":\"Please correct errors before submitting this form.\",\"validateRequiredField\":\"This is a required field.\",\"honeypotHoneypotError\":\"Honeypot Error\",\"fieldsMarkedRequired\":\" \",\"drawerDisabled\":false,\"allow_public_link\":0,\"embed_form\":\"\",\"ninjaForms\":\"Ninja Forms\",\"fieldTextareaRTEInsertLink\":\"Insert Link\",\"fieldTextareaRTEInsertMedia\":\"Insert Media\",\"fieldTextareaRTESelectAFile\":\"Select a file\",\"formHoneypot\":\"If you are a human seeing this field, please leave it empty.\",\"fileUploadOldCodeFileUploadInProgress\":\"File Upload in Progress.\",\"fileUploadOldCodeFileUpload\":\"FILE UPLOAD\",\"currencySymbol\":\"&#36;\",\"thousands_sep\":\",\",\"decimal_point\":\".\",\"siteLocale\":\"en_US\",\"dateFormat\":\"m\\\/d\\\/Y\",\"startOfWeek\":\"1\",\"of\":\"of\",\"previousMonth\":\"Previous Month\",\"nextMonth\":\"Next Month\",\"months\":[\"January\",\"February\",\"March\",\"April\",\"May\",\"June\",\"July\",\"August\",\"September\",\"October\",\"November\",\"December\"],\"monthsShort\":[\"Jan\",\"Feb\",\"Mar\",\"Apr\",\"May\",\"Jun\",\"Jul\",\"Aug\",\"Sep\",\"Oct\",\"Nov\",\"Dec\"],\"weekdays\":[\"Sunday\",\"Monday\",\"Tuesday\",\"Wednesday\",\"Thursday\",\"Friday\",\"Saturday\"],\"weekdaysShort\":[\"Sun\",\"Mon\",\"Tue\",\"Wed\",\"Thu\",\"Fri\",\"Sat\"],\"weekdaysMin\":[\"Su\",\"Mo\",\"Tu\",\"We\",\"Th\",\"Fr\",\"Sa\"],\"recaptchaConsentMissing\":\"reCaptcha validation couldn&#039;t load.\",\"recaptchaMissingCookie\":\"reCaptcha v3 validation couldn&#039;t load the cookie needed to submit the form.\",\"recaptchaConsentEvent\":\"Accept reCaptcha cookies before sending the form.\",\"currency_symbol\":\"\",\"beforeForm\":\"\",\"beforeFields\":\"\",\"afterFields\":\"\",\"afterForm\":\"\"};form.fields=[{\"objectType\":\"Field\",\"objectDomain\":\"fields\",\"editActive\":false,\"order\":1,\"idAttribute\":\"id\",\"label\":\"Nom complet\",\"key\":\"nom_complet_1705616474308\",\"type\":\"firstname\",\"created_at\":\"2016-08-28 16:16:05\",\"label_pos\":\"above\",\"required\":1,\"default\":\"\",\"placeholder\":\"\",\"container_class\":\"one-half first\",\"element_class\":\"\",\"admin_label\":\"\",\"help_text\":\"\",\"desc_text\":\"\",\"field_label\":\"Nom complet\",\"field_key\":\"nom_complet_1705616474308\",\"custom_name_attribute\":\"fname\",\"personally_identifiable\":1,\"value\":\"\",\"drawerDisabled\":\"\",\"id\":74,\"beforeField\":\"\",\"afterField\":\"\",\"parentType\":\"firstname\",\"element_templates\":[\"firstname\",\"input\"],\"old_classname\":\"\",\"wrap_template\":\"wrap\"},{\"objectType\":\"Field\",\"objectDomain\":\"fields\",\"editActive\":false,\"order\":2,\"idAttribute\":\"id\",\"label\":\"Votre GSM\",\"type\":\"textbox\",\"key\":\"votre_gsm_1715283309868\",\"label_pos\":\"above\",\"required\":1,\"default\":\"\",\"placeholder\":\"\",\"container_class\":\"\",\"element_class\":\"\",\"input_limit\":\"\",\"input_limit_type\":\"characters\",\"input_limit_msg\":\"Caract\\u00e8re(s) restant(s)\",\"manual_key\":\"\",\"admin_label\":\"\",\"help_text\":\"\",\"mask\":\"\",\"custom_mask\":\"\",\"custom_name_attribute\":\"\",\"personally_identifiable\":\"\",\"value\":\"\",\"drawerDisabled\":\"\",\"field_label\":\"Votre GSM\",\"field_key\":\"votre_gsm_1715283309868\",\"id\":77,\"beforeField\":\"\",\"afterField\":\"\",\"parentType\":\"textbox\",\"element_templates\":[\"textbox\",\"input\"],\"old_classname\":\"\",\"wrap_template\":\"wrap\"},{\"objectType\":\"Field\",\"objectDomain\":\"fields\",\"editActive\":false,\"order\":3,\"idAttribute\":\"id\",\"label\":\"Votre fonction\",\"type\":\"textbox\",\"key\":\"votre_fonction_1715589169777\",\"label_pos\":\"above\",\"required\":1,\"default\":\"\",\"placeholder\":\"\",\"container_class\":\"\",\"element_class\":\"\",\"input_limit\":\"\",\"input_limit_type\":\"characters\",\"input_limit_msg\":\"Caract\\u00e8re(s) restant(s)\",\"manual_key\":\"\",\"admin_label\":\"\",\"help_text\":\"\",\"mask\":\"\",\"custom_mask\":\"\",\"custom_name_attribute\":\"\",\"personally_identifiable\":\"\",\"value\":\"\",\"drawerDisabled\":\"\",\"field_label\":\"Votre fonction\",\"field_key\":\"votre_fonction_1715589169777\",\"id\":79,\"beforeField\":\"\",\"afterField\":\"\",\"parentType\":\"textbox\",\"element_templates\":[\"textbox\",\"input\"],\"old_classname\":\"\",\"wrap_template\":\"wrap\"},{\"objectType\":\"Field\",\"objectDomain\":\"fields\",\"editActive\":false,\"order\":4,\"idAttribute\":\"id\",\"label\":\"Adresse Email\",\"key\":\"adresse_email_1705597135154\",\"type\":\"email\",\"created_at\":\"2016-08-28 16:16:05\",\"label_pos\":\"above\",\"required\":1,\"default\":\"\",\"placeholder\":\"\",\"container_class\":\"one-half first\",\"element_class\":\"\",\"admin_label\":\"\",\"help_text\":\"\",\"desc_text\":\"\",\"field_label\":\"Adresse Email\",\"field_key\":\"adresse_email_1705597135154\",\"custom_name_attribute\":\"email\",\"personally_identifiable\":1,\"value\":\"\",\"drawerDisabled\":\"\",\"id\":75,\"beforeField\":\"\",\"afterField\":\"\",\"parentType\":\"email\",\"element_templates\":[\"email\",\"input\"],\"old_classname\":\"\",\"wrap_template\":\"wrap\"},{\"objectType\":\"Field\",\"objectDomain\":\"fields\",\"editActive\":false,\"order\":5,\"idAttribute\":\"id\",\"label\":\"Le niveau souhait\\u00e9\",\"type\":\"listradio\",\"key\":\"le_niveau_souhaite_1715284513134\",\"label_pos\":\"above\",\"required\":\"\",\"options\":[{\"errors\":[],\"max_options\":0,\"label\":\"MQ One to One - Level 3\",\"value\":\"mq-one-to-one-level-3\",\"calc\":\"\",\"selected\":0,\"order\":2,\"settingModel\":{\"settings\":false,\"hide_merge_tags\":false,\"error\":false,\"name\":\"options\",\"type\":\"option-repeater\",\"label\":\"Options <a href=\\\"#\\\" class=\\\"nf-add-new\\\">Ajouter<\\\/a> <a href=\\\"#\\\" class=\\\"extra nf-open-import-tooltip\\\"><i class=\\\"fa fa-sign-in\\\" aria-hidden=\\\"true\\\"><\\\/i> Importer<\\\/a>\",\"width\":\"full\",\"group\":\"\",\"value\":[{\"label\":\"Un\",\"value\":\"un\",\"calc\":\"\",\"selected\":0,\"order\":0},{\"label\":\"Deux\",\"value\":\"deux\",\"calc\":\"\",\"selected\":0,\"order\":1},{\"label\":\"Trois\",\"value\":\"trois\",\"calc\":\"\",\"selected\":0,\"order\":2}],\"columns\":{\"label\":{\"header\":\"Libell\\u00e9\",\"default\":\"\"},\"value\":{\"header\":\"Valeur\",\"default\":\"\"},\"calc\":{\"header\":\"Valeur de calcul\",\"default\":\"\"},\"selected\":{\"header\":\"<span class=\\\"dashicons dashicons-yes\\\"><\\\/span>\",\"default\":0}}}}],\"container_class\":\"\",\"element_class\":\"\",\"admin_label\":\"\",\"help_text\":\"\",\"drawerDisabled\":false,\"field_label\":\"Le niveau souhait\\u00e9\",\"field_key\":\"le_niveau_souhaite_1715284513134\",\"id\":78,\"beforeField\":\"\",\"afterField\":\"\",\"value\":\"\",\"parentType\":\"list\",\"element_templates\":[\"listradio\",\"input\"],\"old_classname\":\"list-radio\",\"wrap_template\":\"wrap\"},{\"objectType\":\"Field\",\"objectDomain\":\"fields\",\"editActive\":false,\"order\":6,\"idAttribute\":\"id\",\"label\":\"HTML\",\"type\":\"html\",\"default\":\"<p style=\\\"color:red\\\">*J\\u2019accepte les conditions g\\u00e9n\\u00e9rales de ventes<\\\/p>\",\"container_class\":\"\",\"element_class\":\"\",\"key\":\"html_1730820808790\",\"drawerDisabled\":false,\"admin_label\":\"\",\"id\":87,\"beforeField\":\"\",\"afterField\":\"\",\"value\":\"<p style=\\\"color:red\\\">*J\\u2019accepte les conditions g\\u00e9n\\u00e9rales de ventes<\\\/p>\",\"label_pos\":\"above\",\"parentType\":\"html\",\"element_templates\":[\"html\",\"input\"],\"old_classname\":\"\",\"wrap_template\":\"wrap\"},{\"objectType\":\"Field\",\"objectDomain\":\"fields\",\"editActive\":false,\"order\":7,\"idAttribute\":\"id\",\"label\":\"Je m'inscris au voyage MQ\",\"type\":\"submit\",\"processing_label\":\"En cours de traitement\",\"container_class\":\"\",\"element_class\":\"\",\"key\":\"je_m_inscris_au_voyage_mq_1715283347648\",\"drawerDisabled\":\"\",\"field_label\":\"Je m'inscris au voyage MQ\",\"field_key\":\"je_m_inscris_au_voyage_mq_1715283347648\",\"admin_label\":\"\",\"id\":76,\"beforeField\":\"\",\"afterField\":\"\",\"value\":\"\",\"label_pos\":\"above\",\"parentType\":\"textbox\",\"element_templates\":[\"submit\",\"button\",\"input\"],\"old_classname\":\"\",\"wrap_template\":\"wrap-no-label\"}];nfForms.push(form);<\/script>\n        \t<\/div>\n\t\t\t\t\t\t<\/div>\n\t\t\t\t<\/div>\n\t\t\t\t<section class=\"elementor-section elementor-inner-section elementor-element elementor-element-4b9b0008 elementor-section-full_width elementor-section-height-default elementor-section-height-default\" data-id=\"4b9b0008\" data-element_type=\"section\">\n\t\t\t\t\t\t<div class=\"elementor-container elementor-column-gap-default\">\n\t\t\t\t\t<div class=\"elementor-column elementor-col-50 elementor-inner-column elementor-element elementor-element-765d4ee0\" data-id=\"765d4ee0\" data-element_type=\"column\">\n\t\t\t<div class=\"elementor-widget-wrap elementor-element-populated\">\n\t\t\t\t\t\t<div class=\"elementor-element elementor-element-57831aa0 elementor-invisible elementor-widget elementor-widget-image\" data-id=\"57831aa0\" data-element_type=\"widget\" data-settings=\"{&quot;_animation&quot;:&quot;fadeInUp&quot;,&quot;_animation_delay&quot;:&quot;100&quot;}\" data-widget_type=\"image.default\">\n\t\t\t\t<div class=\"elementor-widget-container\">\n\t\t\t\t\t\t\t\t\t\t\t\t\t\t\t<img decoding=\"async\" width=\"580\" height=\"870\" src=\"https:\/\/kulturmind.com\/wp-content\/uploads\/2024\/03\/PHOTO-2023-11-25-19-32-48.jpg\" class=\"attachment-large size-large wp-image-4225\" alt=\"\" srcset=\"https:\/\/kulturmind.com\/wp-content\/uploads\/2024\/03\/PHOTO-2023-11-25-19-32-48.jpg 683w, https:\/\/kulturmind.com\/wp-content\/uploads\/2024\/03\/PHOTO-2023-11-25-19-32-48-200x300.jpg 200w\" sizes=\"(max-width: 580px) 100vw, 580px\" \/>\t\t\t\t\t\t\t\t\t\t\t\t\t\t\t<\/div>\n\t\t\t\t<\/div>\n\t\t\t\t<div class=\"elementor-element elementor-element-155f80a0 elementor-invisible elementor-widget elementor-widget-image\" data-id=\"155f80a0\" data-element_type=\"widget\" data-settings=\"{&quot;_animation&quot;:&quot;fadeInUp&quot;,&quot;_animation_delay&quot;:&quot;300&quot;}\" data-widget_type=\"image.default\">\n\t\t\t\t<div class=\"elementor-widget-container\">\n\t\t\t\t\t\t\t\t\t\t\t\t\t\t\t<img loading=\"lazy\" decoding=\"async\" width=\"580\" height=\"313\" src=\"https:\/\/kulturmind.com\/wp-content\/uploads\/2024\/01\/Screen-Shot-2024-01-18-at-18.48.49-scaled.jpg\" class=\"attachment-large size-large wp-image-3999\" alt=\"\" \/>\t\t\t\t\t\t\t\t\t\t\t\t\t\t\t<\/div>\n\t\t\t\t<\/div>\n\t\t\t\t<div class=\"elementor-element elementor-element-3f45e4e elementor-invisible elementor-widget elementor-widget-image\" data-id=\"3f45e4e\" data-element_type=\"widget\" data-settings=\"{&quot;_animation&quot;:&quot;fadeInUp&quot;,&quot;_animation_delay&quot;:&quot;300&quot;}\" data-widget_type=\"image.default\">\n\t\t\t\t<div class=\"elementor-widget-container\">\n\t\t\t\t\t\t\t\t\t\t\t\t\t\t\t<img loading=\"lazy\" decoding=\"async\" width=\"580\" height=\"313\" src=\"https:\/\/kulturmind.com\/wp-content\/uploads\/2024\/05\/WhatsApp-Image-2024-05-21-at-23.30.41-1024x552.jpeg\" class=\"attachment-large size-large wp-image-4746\" alt=\"\" srcset=\"https:\/\/kulturmind.com\/wp-content\/uploads\/2024\/05\/WhatsApp-Image-2024-05-21-at-23.30.41-1024x552.jpeg 1024w, https:\/\/kulturmind.com\/wp-content\/uploads\/2024\/05\/WhatsApp-Image-2024-05-21-at-23.30.41-300x162.jpeg 300w, https:\/\/kulturmind.com\/wp-content\/uploads\/2024\/05\/WhatsApp-Image-2024-05-21-at-23.30.41-768x414.jpeg 768w, https:\/\/kulturmind.com\/wp-content\/uploads\/2024\/05\/WhatsApp-Image-2024-05-21-at-23.30.41.jpeg 1600w\" sizes=\"(max-width: 580px) 100vw, 580px\" \/>\t\t\t\t\t\t\t\t\t\t\t\t\t\t\t<\/div>\n\t\t\t\t<\/div>\n\t\t\t\t\t<\/div>\n\t\t<\/div>\n\t\t\t\t<div class=\"elementor-column elementor-col-50 elementor-inner-column elementor-element elementor-element-1929a45c\" data-id=\"1929a45c\" data-element_type=\"column\">\n\t\t\t<div class=\"elementor-widget-wrap elementor-element-populated\">\n\t\t\t\t\t\t<div class=\"elementor-element elementor-element-6a2be774 elementor-widget elementor-widget-heading\" data-id=\"6a2be774\" data-element_type=\"widget\" data-widget_type=\"heading.default\">\n\t\t\t\t<div class=\"elementor-widget-container\">\n\t\t\t\t\t<h2 class=\"elementor-heading-title elementor-size-default\">About Zakia SLAOUI<\/h2>\t\t\t\t<\/div>\n\t\t\t\t<\/div>\n\t\t\t\t<div class=\"elementor-element elementor-element-0933fc9 elementor-widget elementor-widget-text-editor\" data-id=\"0933fc9\" data-element_type=\"widget\" data-widget_type=\"text-editor.default\">\n\t\t\t\t<div class=\"elementor-widget-container\">\n\t\t\t\t\t\t\t\t\t<p>The first Arab woman international expert of the Swiss world order in personal and professional development, founder of the Key Coach Group firm (Rabat \u2013 Paris), Zakia stands out for her expertise in\u00a0<b>interculturality<\/b>, offering support in\u00a0<b>self-marketing<\/b>\u00a0uniquely beneficial for both businesses and individuals. Its innovative method has revolutionized professional and personal support by successfully integrating the\u00a0<b>Marketing Quotient<\/b>\u00a0(<b>QM<\/b>), a new essential social skill, alongside the Intelligence Quotient (<b>IQ<\/b>) and the Emotional Quotient (<b>QE<\/b>). With over 20 years of experience as a human resources director in Africa, she has successfully supported French IT offshoring in Morocco. In addition, Zakia is certified by\u00a0<b>CRESTRA<\/b>,\u00a0<b>ECPA Paris<\/b>,\u00a0<b>Schuhfried<\/b>\u00a0Austria and\u00a0<b>Mindvalley<\/b>, thus consolidating its professional recognition.<\/p>\t\t\t\t\t\t\t\t<\/div>\n\t\t\t\t<\/div>\n\t\t\t\t<div class=\"elementor-element elementor-element-631cb585 elementor-widget-divider--view-line elementor-widget elementor-widget-divider\" data-id=\"631cb585\" data-element_type=\"widget\" data-widget_type=\"divider.default\">\n\t\t\t\t<div class=\"elementor-widget-container\">\n\t\t\t\t\t\t\t<div class=\"elementor-divider\">\n\t\t\t<span class=\"elementor-divider-separator\">\n\t\t\t\t\t\t<\/span>\n\t\t<\/div>\n\t\t\t\t\t\t<\/div>\n\t\t\t\t<\/div>\n\t\t\t\t<div class=\"elementor-element elementor-element-33d8c41e elementor-widget elementor-widget-image-box\" data-id=\"33d8c41e\" data-element_type=\"widget\" data-widget_type=\"image-box.default\">\n\t\t\t\t<div class=\"elementor-widget-container\">\n\t\t\t\t\t<div class=\"elementor-image-box-wrapper\"><div class=\"elementor-image-box-content\"><h5 class=\"elementor-image-box-title\">Zakia SLAOUI<\/h5><p class=\"elementor-image-box-description\">CEO Kulturmind (Rabat &amp; Paris)<\/p><\/div><\/div>\t\t\t\t<\/div>\n\t\t\t\t<\/div>\n\t\t\t\t<div class=\"elementor-element elementor-element-68c67c50 elementor-widget elementor-widget-heading\" data-id=\"68c67c50\" data-element_type=\"widget\" data-widget_type=\"heading.default\">\n\t\t\t\t<div class=\"elementor-widget-container\">\n\t\t\t\t\t<h2 class=\"elementor-heading-title elementor-size-default\">Interview at Forbes &amp; BFM Business<\/h2>\t\t\t\t<\/div>\n\t\t\t\t<\/div>\n\t\t\t\t<div class=\"elementor-element elementor-element-33855283 elementor-widget elementor-widget-image\" data-id=\"33855283\" data-element_type=\"widget\" data-widget_type=\"image.default\">\n\t\t\t\t<div class=\"elementor-widget-container\">\n\t\t\t\t\t\t\t\t\t\t\t\t\t\t\t<img loading=\"lazy\" decoding=\"async\" width=\"512\" height=\"200\" src=\"https:\/\/kulturmind.com\/wp-content\/uploads\/2024\/03\/forbes-bfm.png\" class=\"attachment-full size-full wp-image-4267\" alt=\"\" srcset=\"https:\/\/kulturmind.com\/wp-content\/uploads\/2024\/03\/forbes-bfm.png 512w, https:\/\/kulturmind.com\/wp-content\/uploads\/2024\/03\/forbes-bfm-300x117.png 300w\" sizes=\"(max-width: 512px) 100vw, 512px\" \/>\t\t\t\t\t\t\t\t\t\t\t\t\t\t\t<\/div>\n\t\t\t\t<\/div>\n\t\t\t\t\t<\/div>\n\t\t<\/div>\n\t\t\t\t\t<\/div>\n\t\t<\/section>\n\t\t\t\t\t<\/div>\n\t\t<\/div>\n\t\t\t\t\t<\/div>\n\t\t<\/section>\n\t\t\t\t<\/div>","protected":false},"excerpt":{"rendered":"<p>Kulturmind vous propose le programme \u00ab MQ One to One \u00bb, une opportunit\u00e9 unique de transformation personnelle et professionnelle. Ce programme personnalis\u00e9 utilise l&rsquo;approche \u00ab ICI \u00bb (Int\u00e9rieur, Image et Coh\u00e9rence) pour approfondir vos comp\u00e9tences en marketing de soi. Il vise \u00e0 vous \u00e9lever \u00e0 un score MQ de 90, faisant de vous un marketeur [&hellip;]<\/p>","protected":false},"author":1,"featured_media":0,"parent":0,"menu_order":0,"comment_status":"closed","ping_status":"closed","template":"elementor_canvas","meta":{"footnotes":""},"class_list":["post-4732","page","type-page","status-publish","hentry"],"_links":{"self":[{"href":"https:\/\/kulturmind.com\/en\/wp-json\/wp\/v2\/pages\/4732","targetHints":{"allow":["GET"]}}],"collection":[{"href":"https:\/\/kulturmind.com\/en\/wp-json\/wp\/v2\/pages"}],"about":[{"href":"https:\/\/kulturmind.com\/en\/wp-json\/wp\/v2\/types\/page"}],"author":[{"embeddable":true,"href":"https:\/\/kulturmind.com\/en\/wp-json\/wp\/v2\/users\/1"}],"replies":[{"embeddable":true,"href":"https:\/\/kulturmind.com\/en\/wp-json\/wp\/v2\/comments?post=4732"}],"version-history":[{"count":5,"href":"https:\/\/kulturmind.com\/en\/wp-json\/wp\/v2\/pages\/4732\/revisions"}],"predecessor-version":[{"id":5367,"href":"https:\/\/kulturmind.com\/en\/wp-json\/wp\/v2\/pages\/4732\/revisions\/5367"}],"wp:attachment":[{"href":"https:\/\/kulturmind.com\/en\/wp-json\/wp\/v2\/media?parent=4732"}],"curies":[{"name":"wp","href":"https:\/\/api.w.org\/{rel}","templated":true}]}}