{"id":5042,"date":"2024-10-30T11:09:28","date_gmt":"2024-10-30T11:09:28","guid":{"rendered":"https:\/\/kulturmind.com\/?page_id=5042"},"modified":"2024-12-04T23:08:21","modified_gmt":"2024-12-04T23:08:21","slug":"key-balance","status":"publish","type":"page","link":"https:\/\/kulturmind.com\/en\/key-balance\/","title":{"rendered":"KEY BALANCE"},"content":{"rendered":"<div data-elementor-type=\"wp-page\" data-elementor-id=\"5042\" class=\"elementor elementor-5042\">\n\t\t\t\t\t\t<section class=\"elementor-section elementor-top-section elementor-element elementor-element-b46d0ac elementor-section-content-middle elementor-section-boxed elementor-section-height-default elementor-section-height-default\" data-id=\"b46d0ac\" data-element_type=\"section\" data-settings=\"{&quot;background_background&quot;:&quot;classic&quot;}\">\n\t\t\t\t\t\t<div class=\"elementor-container elementor-column-gap-default\">\n\t\t\t\t\t<div class=\"elementor-column elementor-col-50 elementor-top-column elementor-element elementor-element-33af5c8\" data-id=\"33af5c8\" data-element_type=\"column\">\n\t\t\t<div class=\"elementor-widget-wrap elementor-element-populated\">\n\t\t\t\t\t\t<div class=\"elementor-element elementor-element-8046b1f elementor-widget elementor-widget-elementskit-heading\" data-id=\"8046b1f\" data-element_type=\"widget\" data-widget_type=\"elementskit-heading.default\">\n\t\t\t\t<div class=\"elementor-widget-container\">\n\t\t\t\t\t<div class=\"ekit-wid-con\" ><div class=\"ekit-heading elementskit-section-title-wraper center   ekit_heading_tablet-   ekit_heading_mobile-\"><h2 class=\"elementskit-section-subtitle  elementskit-style-border\">\n\t\t\t\t\t\tWelcome to\n\t\t\t\t\t<\/h2><h2 class=\"ekit-heading--title elementskit-section-title\">Key <span><span>Balance<\/span><\/span><\/h2><\/div><\/div>\t\t\t\t<\/div>\n\t\t\t\t<\/div>\n\t\t\t\t<div class=\"elementor-element elementor-element-bbcbe84 elementor-widget elementor-widget-text-editor\" data-id=\"bbcbe84\" data-element_type=\"widget\" data-widget_type=\"text-editor.default\">\n\t\t\t\t<div class=\"elementor-widget-container\">\n\t\t\t\t\t\t\t\t\t<p><span style=\"letter-spacing: -0.24px;\">A <strong>conference<\/strong> dedicated to your <strong>personal and professional balance.<\/strong><br \/><\/span><\/p>\t\t\t\t\t\t\t\t<\/div>\n\t\t\t\t<\/div>\n\t\t\t\t\t<\/div>\n\t\t<\/div>\n\t\t\t\t<div class=\"elementor-column elementor-col-50 elementor-top-column elementor-element elementor-element-226d5d2\" data-id=\"226d5d2\" data-element_type=\"column\">\n\t\t\t<div class=\"elementor-widget-wrap elementor-element-populated\">\n\t\t\t\t\t\t<div class=\"elementor-element elementor-element-edbc3d8 elementor-widget elementor-widget-video\" data-id=\"edbc3d8\" data-element_type=\"widget\" data-settings=\"{&quot;youtube_url&quot;:&quot;https:\\\/\\\/youtu.be\\\/dXBhfXhBhWo&quot;,&quot;autoplay&quot;:&quot;yes&quot;,&quot;play_on_mobile&quot;:&quot;yes&quot;,&quot;video_type&quot;:&quot;youtube&quot;,&quot;controls&quot;:&quot;yes&quot;}\" data-widget_type=\"video.default\">\n\t\t\t\t<div class=\"elementor-widget-container\">\n\t\t\t\t\t\t\t<div class=\"elementor-wrapper elementor-open-inline\">\n\t\t\t<div class=\"elementor-video\"><\/div>\t\t<\/div>\n\t\t\t\t\t\t<\/div>\n\t\t\t\t<\/div>\n\t\t\t\t\t<\/div>\n\t\t<\/div>\n\t\t\t\t\t<\/div>\n\t\t<\/section>\n\t\t\t\t<section class=\"elementor-section elementor-top-section elementor-element elementor-element-506f2fb elementor-section-content-middle elementor-section-boxed elementor-section-height-default elementor-section-height-default\" data-id=\"506f2fb\" data-element_type=\"section\" data-settings=\"{&quot;background_background&quot;:&quot;classic&quot;}\">\n\t\t\t\t\t\t<div class=\"elementor-container elementor-column-gap-default\">\n\t\t\t\t\t<div class=\"elementor-column elementor-col-100 elementor-top-column elementor-element elementor-element-72c70b6\" data-id=\"72c70b6\" data-element_type=\"column\">\n\t\t\t<div class=\"elementor-widget-wrap elementor-element-populated\">\n\t\t\t\t\t\t<div class=\"elementor-element elementor-element-7dfb8b7b elementor-widget__width-initial elementor-widget elementor-widget-elementskit-heading\" data-id=\"7dfb8b7b\" data-element_type=\"widget\" data-widget_type=\"elementskit-heading.default\">\n\t\t\t\t<div class=\"elementor-widget-container\">\n\t\t\t\t\t<div class=\"ekit-wid-con\" ><div class=\"ekit-heading elementskit-section-title-wraper text_center   ekit_heading_tablet-   ekit_heading_mobile-\"><h2 class=\"ekit-heading--title elementskit-section-title\">Program<\/h2><\/div><\/div>\t\t\t\t<\/div>\n\t\t\t\t<\/div>\n\t\t\t\t<div class=\"elementor-element elementor-element-a3ab91a elementor-widget elementor-widget-image\" data-id=\"a3ab91a\" data-element_type=\"widget\" data-widget_type=\"image.default\">\n\t\t\t\t<div class=\"elementor-widget-container\">\n\t\t\t\t\t\t\t\t\t\t\t\t\t\t\t<img fetchpriority=\"high\" decoding=\"async\" width=\"1920\" height=\"1080\" src=\"https:\/\/kulturmind.com\/wp-content\/uploads\/2024\/12\/Le-programme-8.jpg\" class=\"attachment-full size-full wp-image-5119\" alt=\"\" srcset=\"https:\/\/kulturmind.com\/wp-content\/uploads\/2024\/12\/Le-programme-8.jpg 1920w, https:\/\/kulturmind.com\/wp-content\/uploads\/2024\/12\/Le-programme-8-300x169.jpg 300w, https:\/\/kulturmind.com\/wp-content\/uploads\/2024\/12\/Le-programme-8-1024x576.jpg 1024w, https:\/\/kulturmind.com\/wp-content\/uploads\/2024\/12\/Le-programme-8-768x432.jpg 768w, https:\/\/kulturmind.com\/wp-content\/uploads\/2024\/12\/Le-programme-8-1536x864.jpg 1536w, https:\/\/kulturmind.com\/wp-content\/uploads\/2024\/12\/Le-programme-8-1200x675.jpg 1200w, https:\/\/kulturmind.com\/wp-content\/uploads\/2024\/12\/Le-programme-8-600x338.jpg 600w\" sizes=\"(max-width: 1920px) 100vw, 1920px\" \/>\t\t\t\t\t\t\t\t\t\t\t\t\t\t\t<\/div>\n\t\t\t\t<\/div>\n\t\t\t\t\t<\/div>\n\t\t<\/div>\n\t\t\t\t\t<\/div>\n\t\t<\/section>\n\t\t\t\t<section class=\"elementor-section elementor-top-section elementor-element elementor-element-9df4a89 elementor-section-content-middle elementor-section-boxed elementor-section-height-default elementor-section-height-default\" data-id=\"9df4a89\" data-element_type=\"section\" data-settings=\"{&quot;background_background&quot;:&quot;classic&quot;}\">\n\t\t\t\t\t\t<div class=\"elementor-container elementor-column-gap-default\">\n\t\t\t\t\t<div class=\"elementor-column elementor-col-100 elementor-top-column elementor-element elementor-element-8f52ed6\" data-id=\"8f52ed6\" data-element_type=\"column\">\n\t\t\t<div class=\"elementor-widget-wrap elementor-element-populated\">\n\t\t\t\t\t\t<div class=\"elementor-element elementor-element-c95457b elementor-widget__width-initial elementor-widget elementor-widget-elementskit-heading\" data-id=\"c95457b\" data-element_type=\"widget\" data-widget_type=\"elementskit-heading.default\">\n\t\t\t\t<div class=\"elementor-widget-container\">\n\t\t\t\t\t<div class=\"ekit-wid-con\" ><div class=\"ekit-heading elementskit-section-title-wraper text_center   ekit_heading_tablet-   ekit_heading_mobile-\"><h2 class=\"ekit-heading--title elementskit-section-title\">Registration form<\/h2><\/div><\/div>\t\t\t\t<\/div>\n\t\t\t\t<\/div>\n\t\t\t\t<div class=\"elementor-element elementor-element-e396ce5 elementor-widget elementor-widget-elementskit-heading\" data-id=\"e396ce5\" data-element_type=\"widget\" data-widget_type=\"elementskit-heading.default\">\n\t\t\t\t<div class=\"elementor-widget-container\">\n\t\t\t\t\t<div class=\"ekit-wid-con\" ><div class=\"ekit-heading elementskit-section-title-wraper center   ekit_heading_tablet-   ekit_heading_mobile-\"><h2 class=\"elementskit-section-subtitle  elementskit-style-border\">\n\t\t\t\t\t\tThe registration fee\n\t\t\t\t\t<\/h2><h2 class=\"ekit-heading--title elementskit-section-title\">East <span><span>2000 MAD<\/span><\/span><\/h2><\/div><\/div>\t\t\t\t<\/div>\n\t\t\t\t<\/div>\n\t\t\t\t<div class=\"elementor-element elementor-element-f596ca3 elementor-widget elementor-widget-shortcode\" data-id=\"f596ca3\" data-element_type=\"widget\" data-widget_type=\"shortcode.default\">\n\t\t\t\t<div class=\"elementor-widget-container\">\n\t\t\t\t\t\t\t<div class=\"elementor-shortcode\"><noscript class=\"ninja-forms-noscript-message\">\n\tNotice: JavaScript is required for this content.<\/noscript>\n<div id=\"nf-form-14-cont\" class=\"nf-form-cont\" aria-live=\"polite\" aria-labelledby=\"nf-form-title-14\" aria-describedby=\"nf-form-errors-14\" role=\"form\">\n\n    <div class=\"nf-loading-spinner\"><\/div>\n\n<\/div>\n        <!-- That data is being printed as a workaround to page builders reordering the order of the scripts loaded-->\n        <script>var formDisplay=1;var nfForms=nfForms||[];var form=[];form.id='14';form.settings={\"objectType\":\"Form Setting\",\"editActive\":true,\"title\":\"KEYBALANCE\",\"created_at\":\"2024-10-30 11:07:12\",\"form_title\":\"Event Registration\",\"default_label_pos\":\"above\",\"show_title\":\"0\",\"clear_complete\":\"1\",\"hide_complete\":\"1\",\"logged_in\":\"0\",\"key\":\"\",\"wrapper_class\":\"\",\"element_class\":\"\",\"add_submit\":\"0\",\"not_logged_in_msg\":\"\",\"sub_limit_number\":\"\",\"sub_limit_msg\":\"\",\"calculations\":[],\"formContentData\":[\"nom_complet_1705616474308\",\"votre_gsm_1715283309868\",\"votre_fonction_1715589169777\",\"adresse_email_1705597135154\",\"html_1730820844426\",\"je_m_inscris_au_key_balance_1730286467507\"],\"currency\":\"\",\"unique_field_error\":\"A form with this value has already been submitted.\",\"form_title_heading_level\":\"3\",\"changeEmailErrorMsg\":\"Please enter a valid email address!\",\"changeDateErrorMsg\":\"Please enter a valid date!\",\"confirmFieldErrorMsg\":\"These fields must match!\",\"fieldNumberNumMinError\":\"Number Min Error\",\"fieldNumberNumMaxError\":\"Number Max Error\",\"fieldNumberIncrementBy\":\"Please increment by \",\"formErrorsCorrectErrors\":\"Please correct errors before submitting this form.\",\"validateRequiredField\":\"This is a required field.\",\"honeypotHoneypotError\":\"Honeypot Error\",\"fieldsMarkedRequired\":\" \",\"drawerDisabled\":false,\"allow_public_link\":0,\"embed_form\":\"\",\"ninjaForms\":\"Ninja Forms\",\"fieldTextareaRTEInsertLink\":\"Insert Link\",\"fieldTextareaRTEInsertMedia\":\"Insert Media\",\"fieldTextareaRTESelectAFile\":\"Select a file\",\"formHoneypot\":\"If you are a human seeing this field, please leave it empty.\",\"fileUploadOldCodeFileUploadInProgress\":\"File Upload in Progress.\",\"fileUploadOldCodeFileUpload\":\"FILE UPLOAD\",\"currencySymbol\":\"&#36;\",\"thousands_sep\":\",\",\"decimal_point\":\".\",\"siteLocale\":\"en_US\",\"dateFormat\":\"m\\\/d\\\/Y\",\"startOfWeek\":\"1\",\"of\":\"of\",\"previousMonth\":\"Previous Month\",\"nextMonth\":\"Next Month\",\"months\":[\"January\",\"February\",\"March\",\"April\",\"May\",\"June\",\"July\",\"August\",\"September\",\"October\",\"November\",\"December\"],\"monthsShort\":[\"Jan\",\"Feb\",\"Mar\",\"Apr\",\"May\",\"Jun\",\"Jul\",\"Aug\",\"Sep\",\"Oct\",\"Nov\",\"Dec\"],\"weekdays\":[\"Sunday\",\"Monday\",\"Tuesday\",\"Wednesday\",\"Thursday\",\"Friday\",\"Saturday\"],\"weekdaysShort\":[\"Sun\",\"Mon\",\"Tue\",\"Wed\",\"Thu\",\"Fri\",\"Sat\"],\"weekdaysMin\":[\"Su\",\"Mo\",\"Tu\",\"We\",\"Th\",\"Fr\",\"Sa\"],\"recaptchaConsentMissing\":\"reCaptcha validation couldn&#039;t load.\",\"recaptchaMissingCookie\":\"reCaptcha v3 validation couldn&#039;t load the cookie needed to submit the form.\",\"recaptchaConsentEvent\":\"Accept reCaptcha cookies before sending the form.\",\"currency_symbol\":\"\",\"beforeForm\":\"\",\"beforeFields\":\"\",\"afterFields\":\"\",\"afterForm\":\"\"};form.fields=[{\"objectType\":\"Field\",\"objectDomain\":\"fields\",\"editActive\":false,\"order\":1,\"idAttribute\":\"id\",\"label\":\"Nom complet\",\"key\":\"nom_complet_1705616474308\",\"type\":\"firstname\",\"created_at\":\"2016-08-28 16:16:05\",\"label_pos\":\"above\",\"required\":1,\"default\":\"\",\"placeholder\":\"\",\"container_class\":\"one-half first\",\"element_class\":\"\",\"admin_label\":\"\",\"help_text\":\"\",\"desc_text\":\"\",\"field_label\":\"Nom complet\",\"field_key\":\"nom_complet_1705616474308\",\"custom_name_attribute\":\"fname\",\"personally_identifiable\":1,\"value\":\"\",\"drawerDisabled\":\"\",\"id\":80,\"beforeField\":\"\",\"afterField\":\"\",\"parentType\":\"firstname\",\"element_templates\":[\"firstname\",\"input\"],\"old_classname\":\"\",\"wrap_template\":\"wrap\"},{\"objectType\":\"Field\",\"objectDomain\":\"fields\",\"editActive\":false,\"order\":2,\"idAttribute\":\"id\",\"label\":\"Votre GSM\",\"type\":\"textbox\",\"key\":\"votre_gsm_1715283309868\",\"label_pos\":\"above\",\"required\":1,\"default\":\"\",\"placeholder\":\"\",\"container_class\":\"\",\"element_class\":\"\",\"input_limit\":\"\",\"input_limit_type\":\"characters\",\"input_limit_msg\":\"Caract\\u00e8re(s) restant(s)\",\"manual_key\":\"\",\"admin_label\":\"\",\"help_text\":\"\",\"mask\":\"\",\"custom_mask\":\"\",\"custom_name_attribute\":\"\",\"personally_identifiable\":\"\",\"value\":\"\",\"drawerDisabled\":\"\",\"field_label\":\"Votre GSM\",\"field_key\":\"votre_gsm_1715283309868\",\"id\":83,\"beforeField\":\"\",\"afterField\":\"\",\"parentType\":\"textbox\",\"element_templates\":[\"textbox\",\"input\"],\"old_classname\":\"\",\"wrap_template\":\"wrap\"},{\"objectType\":\"Field\",\"objectDomain\":\"fields\",\"editActive\":false,\"order\":3,\"idAttribute\":\"id\",\"label\":\"Votre fonction\",\"type\":\"textbox\",\"key\":\"votre_fonction_1715589169777\",\"label_pos\":\"above\",\"required\":1,\"default\":\"\",\"placeholder\":\"\",\"container_class\":\"\",\"element_class\":\"\",\"input_limit\":\"\",\"input_limit_type\":\"characters\",\"input_limit_msg\":\"Caract\\u00e8re(s) restant(s)\",\"manual_key\":\"\",\"admin_label\":\"\",\"help_text\":\"\",\"mask\":\"\",\"custom_mask\":\"\",\"custom_name_attribute\":\"\",\"personally_identifiable\":\"\",\"value\":\"\",\"drawerDisabled\":\"\",\"field_label\":\"Votre fonction\",\"field_key\":\"votre_fonction_1715589169777\",\"id\":85,\"beforeField\":\"\",\"afterField\":\"\",\"parentType\":\"textbox\",\"element_templates\":[\"textbox\",\"input\"],\"old_classname\":\"\",\"wrap_template\":\"wrap\"},{\"objectType\":\"Field\",\"objectDomain\":\"fields\",\"editActive\":false,\"order\":4,\"idAttribute\":\"id\",\"label\":\"Adresse Email\",\"key\":\"adresse_email_1705597135154\",\"type\":\"email\",\"created_at\":\"2016-08-28 16:16:05\",\"label_pos\":\"above\",\"required\":1,\"default\":\"\",\"placeholder\":\"\",\"container_class\":\"one-half first\",\"element_class\":\"\",\"admin_label\":\"\",\"help_text\":\"\",\"desc_text\":\"\",\"field_label\":\"Adresse Email\",\"field_key\":\"adresse_email_1705597135154\",\"custom_name_attribute\":\"email\",\"personally_identifiable\":1,\"value\":\"\",\"drawerDisabled\":\"\",\"id\":81,\"beforeField\":\"\",\"afterField\":\"\",\"parentType\":\"email\",\"element_templates\":[\"email\",\"input\"],\"old_classname\":\"\",\"wrap_template\":\"wrap\"},{\"objectType\":\"Field\",\"objectDomain\":\"fields\",\"editActive\":false,\"order\":5,\"idAttribute\":\"id\",\"label\":\"HTML\",\"type\":\"html\",\"default\":\"<p style=\\\"color:red\\\">*Ce ticket est soumis aux conditions g\\u00e9n\\u00e9rales de vente<\\\/p>\",\"container_class\":\"\",\"element_class\":\"\",\"key\":\"html_1730820844426\",\"drawerDisabled\":false,\"id\":88,\"beforeField\":\"\",\"afterField\":\"\",\"value\":\"<p style=\\\"color:red\\\">*Ce ticket est soumis aux conditions g\\u00e9n\\u00e9rales de vente<\\\/p>\",\"label_pos\":\"above\",\"parentType\":\"html\",\"element_templates\":[\"html\",\"input\"],\"old_classname\":\"\",\"wrap_template\":\"wrap\"},{\"objectType\":\"Field\",\"objectDomain\":\"fields\",\"editActive\":false,\"order\":6,\"idAttribute\":\"id\",\"label\":\"Je m'inscris au Key Balance\",\"type\":\"submit\",\"processing_label\":\"En cours de traitement\",\"container_class\":\"\",\"element_class\":\"\",\"key\":\"je_m_inscris_au_key_balance_1730286467507\",\"drawerDisabled\":false,\"field_label\":\"Je m'inscris au voyage MQ\",\"field_key\":\"je_m_inscris_au_voyage_mq_1715283347648\",\"id\":82,\"beforeField\":\"\",\"afterField\":\"\",\"value\":\"\",\"label_pos\":\"above\",\"parentType\":\"textbox\",\"element_templates\":[\"submit\",\"button\",\"input\"],\"old_classname\":\"\",\"wrap_template\":\"wrap-no-label\"}];nfForms.push(form);<\/script>\n        <\/div>\n\t\t\t\t\t\t<\/div>\n\t\t\t\t<\/div>\n\t\t\t\t\t<\/div>\n\t\t<\/div>\n\t\t\t\t\t<\/div>\n\t\t<\/section>\n\t\t\t\t<section class=\"elementor-section elementor-top-section elementor-element elementor-element-55c1a2c9 elementor-section-boxed elementor-section-height-default elementor-section-height-default\" data-id=\"55c1a2c9\" data-element_type=\"section\" data-settings=\"{&quot;background_background&quot;:&quot;classic&quot;}\">\n\t\t\t\t\t\t<div class=\"elementor-container elementor-column-gap-default\">\n\t\t\t\t\t<div class=\"elementor-column elementor-col-100 elementor-top-column elementor-element elementor-element-23ce305\" data-id=\"23ce305\" data-element_type=\"column\">\n\t\t\t<div class=\"elementor-widget-wrap elementor-element-populated\">\n\t\t\t\t\t\t<section class=\"elementor-section elementor-inner-section elementor-element elementor-element-4b9b0008 elementor-section-full_width elementor-section-height-default elementor-section-height-default\" data-id=\"4b9b0008\" data-element_type=\"section\">\n\t\t\t\t\t\t<div class=\"elementor-container elementor-column-gap-default\">\n\t\t\t\t\t<div class=\"elementor-column elementor-col-50 elementor-inner-column elementor-element elementor-element-765d4ee0\" data-id=\"765d4ee0\" data-element_type=\"column\">\n\t\t\t<div class=\"elementor-widget-wrap elementor-element-populated\">\n\t\t\t\t\t\t<div class=\"elementor-element elementor-element-57831aa0 elementor-invisible elementor-widget elementor-widget-image\" data-id=\"57831aa0\" data-element_type=\"widget\" data-settings=\"{&quot;_animation&quot;:&quot;fadeInUp&quot;,&quot;_animation_delay&quot;:&quot;100&quot;}\" data-widget_type=\"image.default\">\n\t\t\t\t<div class=\"elementor-widget-container\">\n\t\t\t\t\t\t\t\t\t\t\t\t\t\t\t<img decoding=\"async\" width=\"580\" height=\"870\" src=\"https:\/\/kulturmind.com\/wp-content\/uploads\/2024\/03\/PHOTO-2023-11-25-19-32-48.jpg\" class=\"attachment-large size-large wp-image-4225\" alt=\"\" srcset=\"https:\/\/kulturmind.com\/wp-content\/uploads\/2024\/03\/PHOTO-2023-11-25-19-32-48.jpg 683w, https:\/\/kulturmind.com\/wp-content\/uploads\/2024\/03\/PHOTO-2023-11-25-19-32-48-200x300.jpg 200w\" sizes=\"(max-width: 580px) 100vw, 580px\" \/>\t\t\t\t\t\t\t\t\t\t\t\t\t\t\t<\/div>\n\t\t\t\t<\/div>\n\t\t\t\t<div class=\"elementor-element elementor-element-155f80a0 elementor-invisible elementor-widget elementor-widget-image\" data-id=\"155f80a0\" data-element_type=\"widget\" data-settings=\"{&quot;_animation&quot;:&quot;fadeInUp&quot;,&quot;_animation_delay&quot;:&quot;300&quot;}\" data-widget_type=\"image.default\">\n\t\t\t\t<div class=\"elementor-widget-container\">\n\t\t\t\t\t\t\t\t\t\t\t\t\t\t\t<img decoding=\"async\" width=\"580\" height=\"313\" src=\"https:\/\/kulturmind.com\/wp-content\/uploads\/2024\/01\/Screen-Shot-2024-01-18-at-18.48.49-scaled.jpg\" class=\"attachment-large size-large wp-image-3999\" alt=\"\" \/>\t\t\t\t\t\t\t\t\t\t\t\t\t\t\t<\/div>\n\t\t\t\t<\/div>\n\t\t\t\t\t<\/div>\n\t\t<\/div>\n\t\t\t\t<div class=\"elementor-column elementor-col-50 elementor-inner-column elementor-element elementor-element-1929a45c\" data-id=\"1929a45c\" data-element_type=\"column\">\n\t\t\t<div class=\"elementor-widget-wrap elementor-element-populated\">\n\t\t\t\t\t\t<div class=\"elementor-element elementor-element-6a2be774 elementor-widget elementor-widget-heading\" data-id=\"6a2be774\" data-element_type=\"widget\" data-widget_type=\"heading.default\">\n\t\t\t\t<div class=\"elementor-widget-container\">\n\t\t\t\t\t<h2 class=\"elementor-heading-title elementor-size-default\">About Zakia SLAOUI<\/h2>\t\t\t\t<\/div>\n\t\t\t\t<\/div>\n\t\t\t\t<div class=\"elementor-element elementor-element-7fc06d9 elementor-widget elementor-widget-text-editor\" data-id=\"7fc06d9\" data-element_type=\"widget\" data-widget_type=\"text-editor.default\">\n\t\t\t\t<div class=\"elementor-widget-container\">\n\t\t\t\t\t\t\t\t\t<p>The first Arab woman international expert of the Swiss world order in personal and professional development, founder of the Kulturmind firm (Rabat \u2013 Paris), Zakia stands out for her expertise in\u00a0<b>interculturality<\/b>, offering support in\u00a0<b>self-marketing<\/b>\u00a0uniquely beneficial for both businesses and individuals. Its innovative method has revolutionized professional and personal support by successfully integrating the\u00a0<b>Marketing Quotient<\/b>\u00a0(<b>QM<\/b>), a new essential social skill, alongside the Intelligence Quotient (<b>IQ<\/b>) and the Emotional Quotient (<b>QE<\/b>). With over 20 years of experience as a human resources director in Africa, she has successfully supported French IT offshoring in Morocco. In addition, Zakia is certified by\u00a0<b>CRESTRA<\/b>,\u00a0<b>ECPA Paris<\/b>,\u00a0<b>Schuhfried<\/b>\u00a0Austria and\u00a0<b>Mindvalley<\/b>, thus consolidating its professional recognition.<\/p>\t\t\t\t\t\t\t\t<\/div>\n\t\t\t\t<\/div>\n\t\t\t\t<div class=\"elementor-element elementor-element-631cb585 elementor-widget-divider--view-line elementor-widget elementor-widget-divider\" data-id=\"631cb585\" data-element_type=\"widget\" data-widget_type=\"divider.default\">\n\t\t\t\t<div class=\"elementor-widget-container\">\n\t\t\t\t\t\t\t<div class=\"elementor-divider\">\n\t\t\t<span class=\"elementor-divider-separator\">\n\t\t\t\t\t\t<\/span>\n\t\t<\/div>\n\t\t\t\t\t\t<\/div>\n\t\t\t\t<\/div>\n\t\t\t\t<div class=\"elementor-element elementor-element-33d8c41e elementor-widget elementor-widget-image-box\" data-id=\"33d8c41e\" data-element_type=\"widget\" data-widget_type=\"image-box.default\">\n\t\t\t\t<div class=\"elementor-widget-container\">\n\t\t\t\t\t<div class=\"elementor-image-box-wrapper\"><div class=\"elementor-image-box-content\"><h5 class=\"elementor-image-box-title\">Zakia SLAOUI<\/h5><p class=\"elementor-image-box-description\">CEO KULTURMIND (Rabat &amp; Paris)<\/p><\/div><\/div>\t\t\t\t<\/div>\n\t\t\t\t<\/div>\n\t\t\t\t<div class=\"elementor-element elementor-element-68c67c50 elementor-widget elementor-widget-heading\" data-id=\"68c67c50\" data-element_type=\"widget\" data-widget_type=\"heading.default\">\n\t\t\t\t<div class=\"elementor-widget-container\">\n\t\t\t\t\t<h2 class=\"elementor-heading-title elementor-size-default\">Interview at Forbes &amp; BFM Business<\/h2>\t\t\t\t<\/div>\n\t\t\t\t<\/div>\n\t\t\t\t<div class=\"elementor-element elementor-element-33855283 elementor-widget elementor-widget-image\" data-id=\"33855283\" data-element_type=\"widget\" data-widget_type=\"image.default\">\n\t\t\t\t<div class=\"elementor-widget-container\">\n\t\t\t\t\t\t\t\t\t\t\t\t\t\t\t<img loading=\"lazy\" decoding=\"async\" width=\"512\" height=\"200\" src=\"https:\/\/kulturmind.com\/wp-content\/uploads\/2024\/03\/forbes-bfm.png\" class=\"attachment-full size-full wp-image-4267\" alt=\"\" srcset=\"https:\/\/kulturmind.com\/wp-content\/uploads\/2024\/03\/forbes-bfm.png 512w, https:\/\/kulturmind.com\/wp-content\/uploads\/2024\/03\/forbes-bfm-300x117.png 300w\" sizes=\"(max-width: 512px) 100vw, 512px\" \/>\t\t\t\t\t\t\t\t\t\t\t\t\t\t\t<\/div>\n\t\t\t\t<\/div>\n\t\t\t\t\t<\/div>\n\t\t<\/div>\n\t\t\t\t\t<\/div>\n\t\t<\/section>\n\t\t\t\t<div class=\"elementor-element elementor-element-22ed60f4 elementor-widget elementor-widget-spacer\" data-id=\"22ed60f4\" data-element_type=\"widget\" data-widget_type=\"spacer.default\">\n\t\t\t\t<div class=\"elementor-widget-container\">\n\t\t\t\t\t\t\t<div class=\"elementor-spacer\">\n\t\t\t<div class=\"elementor-spacer-inner\"><\/div>\n\t\t<\/div>\n\t\t\t\t\t\t<\/div>\n\t\t\t\t<\/div>\n\t\t\t\t\t<\/div>\n\t\t<\/div>\n\t\t\t\t\t<\/div>\n\t\t<\/section>\n\t\t\t\t<\/div>","protected":false},"excerpt":{"rendered":"<p>Bienvenue \u00e0 Key Balance Une conf\u00e9rence d\u00e9di\u00e9e \u00e0 votre \u00e9quilibre personnel et professionnel. https:\/\/youtu.be\/dXBhfXhBhWo Programme Formulaire d&rsquo;inscription La tarif d&#039;inscription est 2000 MAD \u00c0 propos de Zakia SLAOUI Premi\u00e8re femme arabe experte internationale de l\u2019ordre mondial suisse en d\u00e9veloppement personnel &amp; professionnel, fondatrice du cabinet Kulturmind (Rabat \u2013 Paris), Zakia se d\u00e9marque par son expertise [&hellip;]<\/p>","protected":false},"author":1,"featured_media":0,"parent":0,"menu_order":0,"comment_status":"closed","ping_status":"closed","template":"elementor_canvas","meta":{"footnotes":""},"class_list":["post-5042","page","type-page","status-publish","hentry"],"_links":{"self":[{"href":"https:\/\/kulturmind.com\/en\/wp-json\/wp\/v2\/pages\/5042","targetHints":{"allow":["GET"]}}],"collection":[{"href":"https:\/\/kulturmind.com\/en\/wp-json\/wp\/v2\/pages"}],"about":[{"href":"https:\/\/kulturmind.com\/en\/wp-json\/wp\/v2\/types\/page"}],"author":[{"embeddable":true,"href":"https:\/\/kulturmind.com\/en\/wp-json\/wp\/v2\/users\/1"}],"replies":[{"embeddable":true,"href":"https:\/\/kulturmind.com\/en\/wp-json\/wp\/v2\/comments?post=5042"}],"version-history":[{"count":5,"href":"https:\/\/kulturmind.com\/en\/wp-json\/wp\/v2\/pages\/5042\/revisions"}],"predecessor-version":[{"id":5122,"href":"https:\/\/kulturmind.com\/en\/wp-json\/wp\/v2\/pages\/5042\/revisions\/5122"}],"wp:attachment":[{"href":"https:\/\/kulturmind.com\/en\/wp-json\/wp\/v2\/media?parent=5042"}],"curies":[{"name":"wp","href":"https:\/\/api.w.org\/{rel}","templated":true}]}}